{"id":12162,"date":"2023-03-28T15:39:48","date_gmt":"2023-03-28T19:39:48","guid":{"rendered":"https:\/\/paysagegourmand.quebec\/?page_id=12162"},"modified":"2024-11-28T12:39:39","modified_gmt":"2024-11-28T16:39:39","slug":"blog","status":"publish","type":"page","link":"https:\/\/paysagegourmand.quebec\/en\/blog\/","title":{"rendered":"Blog"},"content":{"rendered":"<div id=\"cs-content\" class=\"cs-content\"><\/div>\n","protected":false},"excerpt":{"rendered":"<p>De l&#8217;\u00c9den \u00e0 la bedaineEntretien minimalAm\u00e9nagement paysager comestibleLes enfants au jardinFishwort &#8216;Chameleon&#8217;Sea kale, the way you do it at homeThe benefits of an edible landscape<\/p>\n","protected":false},"author":3,"featured_media":0,"parent":0,"menu_order":0,"comment_status":"closed","ping_status":"closed","template":"template-blank-4.php","meta":{"_acf_changed":false,"rs_blank_template":"","rs_page_bg_color":"","slide_template_v7":"","footnotes":""},"class_list":["post-12162","page","type-page","status-publish","hentry","no-post-thumbnail"],"acf":[],"_links":{"self":[{"href":"https:\/\/paysagegourmand.quebec\/en\/wp-json\/wp\/v2\/pages\/12162","targetHints":{"allow":["GET"]}}],"collection":[{"href":"https:\/\/paysagegourmand.quebec\/en\/wp-json\/wp\/v2\/pages"}],"about":[{"href":"https:\/\/paysagegourmand.quebec\/en\/wp-json\/wp\/v2\/types\/page"}],"author":[{"embeddable":true,"href":"https:\/\/paysagegourmand.quebec\/en\/wp-json\/wp\/v2\/users\/3"}],"replies":[{"embeddable":true,"href":"https:\/\/paysagegourmand.quebec\/en\/wp-json\/wp\/v2\/comments?post=12162"}],"version-history":[{"count":2,"href":"https:\/\/paysagegourmand.quebec\/en\/wp-json\/wp\/v2\/pages\/12162\/revisions"}],"predecessor-version":[{"id":12164,"href":"https:\/\/paysagegourmand.quebec\/en\/wp-json\/wp\/v2\/pages\/12162\/revisions\/12164"}],"wp:attachment":[{"href":"https:\/\/paysagegourmand.quebec\/en\/wp-json\/wp\/v2\/media?parent=12162"}],"curies":[{"name":"wp","href":"https:\/\/api.w.org\/{rel}","templated":true}]}}