{"id":7387,"date":"2018-03-20T10:26:33","date_gmt":"2018-03-20T14:26:33","guid":{"rendered":"https:\/\/paysagegourmand.quebec\/?page_id=7387"},"modified":"2023-12-08T13:55:16","modified_gmt":"2023-12-08T17:55:16","slug":"conferences","status":"publish","type":"page","link":"https:\/\/paysagegourmand.quebec\/en\/conferences\/","title":{"rendered":"Conferences"},"content":{"rendered":"<div id=\"cs-content\" class=\"cs-content\"><\/div>\n","protected":false},"excerpt":{"rendered":"<p>CONFERENCES Inspired by permacultureGUILLAUME PELLAND, speakerGuillaume Pelland studied Horticultural production and environmental technologies at the Institut de technologie agroalimentaire in La Pocati\u00e8re. In 2010, he paved the way for edible landscaping in Qu\u00e9bec. At the 2012 Qu\u00e9bec Entrepreneurship Contest, he received first prize in the Business Creation, Services to Individuals category. In 2013, he pursued his ideals by creating Paysage &#8230; <\/p>\n<div><a href=\"https:\/\/paysagegourmand.quebec\/en\/conferences\/\" class=\"more-link\">Read More<\/a><\/div>\n","protected":false},"author":1,"featured_media":0,"parent":0,"menu_order":0,"comment_status":"closed","ping_status":"closed","template":"template-blank-1.php","meta":{"_acf_changed":false,"rs_blank_template":"","rs_page_bg_color":"","slide_template_v7":"","footnotes":""},"class_list":["post-7387","page","type-page","status-publish","hentry","no-post-thumbnail"],"acf":[],"_links":{"self":[{"href":"https:\/\/paysagegourmand.quebec\/en\/wp-json\/wp\/v2\/pages\/7387","targetHints":{"allow":["GET"]}}],"collection":[{"href":"https:\/\/paysagegourmand.quebec\/en\/wp-json\/wp\/v2\/pages"}],"about":[{"href":"https:\/\/paysagegourmand.quebec\/en\/wp-json\/wp\/v2\/types\/page"}],"author":[{"embeddable":true,"href":"https:\/\/paysagegourmand.quebec\/en\/wp-json\/wp\/v2\/users\/1"}],"replies":[{"embeddable":true,"href":"https:\/\/paysagegourmand.quebec\/en\/wp-json\/wp\/v2\/comments?post=7387"}],"version-history":[{"count":6,"href":"https:\/\/paysagegourmand.quebec\/en\/wp-json\/wp\/v2\/pages\/7387\/revisions"}],"predecessor-version":[{"id":9494,"href":"https:\/\/paysagegourmand.quebec\/en\/wp-json\/wp\/v2\/pages\/7387\/revisions\/9494"}],"wp:attachment":[{"href":"https:\/\/paysagegourmand.quebec\/en\/wp-json\/wp\/v2\/media?parent=7387"}],"curies":[{"name":"wp","href":"https:\/\/api.w.org\/{rel}","templated":true}]}}