{"id":11379,"date":"2022-03-30T10:31:47","date_gmt":"2022-03-30T14:31:47","guid":{"rendered":"https:\/\/paysagegourmand.quebec\/?post_type=product&#038;p=11379"},"modified":"2026-01-29T12:01:43","modified_gmt":"2026-01-29T16:01:43","slug":"bur-oak-quercus-macrocarpa","status":"publish","type":"product","link":"https:\/\/paysagegourmand.quebec\/en\/produit\/bur-oak-quercus-macrocarpa\/","title":{"rendered":"Bur oak <br\/> Quercus macrocarpa"},"content":{"rendered":"<p>The bur oak (<em>Quercus macrocarpa<\/em>), in addition to producing the largest acorns, is the hardiest of the oak family in Quebec. Without bitterness, its acorns have economic potential as a food source, rich in protein and oil.Le ch\u00eane \u00e0 gros fruits (Quercus macrocarpa), en plus d&#8217;offrir les plus grosses noix, est le plus rustique de la famille des ch\u00eanes du Qu\u00e9bec. Sans amertume, elles ont un potentiel \u00e9conomique alimentaire avec une source de prot\u00e9ines et d&#8217;huile. <\/p>\n<p>This noble tree, with its imposing stature, also provides high-quality, rot-resistant wood, and its bark is fire-resistant. Preferring rich, deep soils, it can live for 200 to 400 years but is adaptable to various environments, as long as there is good drainage. While it thrives in fresh, moist soils, it is also drought-resistant due to its deeply rooted system. In riparian zones, it can withstand temporary flooding. The bur oak stands out for its resistance to diseases and insects as well.   <\/p>\n","protected":false},"excerpt":{"rendered":"<p>The bur oak (Quercus macrocarpa), in addition to producing the largest acorns, is the hardiest of the oak family in Quebec. Without bitterness, its acorns have economic potential as a food source, rich in protein and oil.Le ch\u00eane \u00e0 gros fruits (Quercus macrocarpa), en plus d&#8217;offrir les plus grosses noix, est le plus rustique de la famille des ch\u00eanes du &#8230; <\/p>\n<div><a href=\"https:\/\/paysagegourmand.quebec\/en\/produit\/bur-oak-quercus-macrocarpa\/\" class=\"more-link\">Read More<\/a><\/div>\n","protected":false},"featured_media":8801,"template":"","meta":{"_acf_changed":false,"rs_blank_template":"","rs_page_bg_color":"","slide_template_v7":""},"product_brand":[],"product_cat":[731],"product_tag":[740,748,752],"class_list":{"0":"post-11379","1":"product","2":"type-product","3":"status-publish","4":"has-post-thumbnail","6":"product_cat-trees","7":"product_tag-accumulate-nutrients","8":"product_tag-edible","9":"product_tag-particular-interest-in-autumn","12":"first","13":"outofstock","14":"taxable","15":"shipping-taxable","16":"purchasable","17":"product-type-simple"},"acf":[],"_links":{"self":[{"href":"https:\/\/paysagegourmand.quebec\/en\/wp-json\/wp\/v2\/product\/11379","targetHints":{"allow":["GET"]}}],"collection":[{"href":"https:\/\/paysagegourmand.quebec\/en\/wp-json\/wp\/v2\/product"}],"about":[{"href":"https:\/\/paysagegourmand.quebec\/en\/wp-json\/wp\/v2\/types\/product"}],"wp:featuredmedia":[{"embeddable":true,"href":"https:\/\/paysagegourmand.quebec\/en\/wp-json\/wp\/v2\/media\/8801"}],"wp:attachment":[{"href":"https:\/\/paysagegourmand.quebec\/en\/wp-json\/wp\/v2\/media?parent=11379"}],"wp:term":[{"taxonomy":"product_brand","embeddable":true,"href":"https:\/\/paysagegourmand.quebec\/en\/wp-json\/wp\/v2\/product_brand?post=11379"},{"taxonomy":"product_cat","embeddable":true,"href":"https:\/\/paysagegourmand.quebec\/en\/wp-json\/wp\/v2\/product_cat?post=11379"},{"taxonomy":"product_tag","embeddable":true,"href":"https:\/\/paysagegourmand.quebec\/en\/wp-json\/wp\/v2\/product_tag?post=11379"}],"curies":[{"name":"wp","href":"https:\/\/api.w.org\/{rel}","templated":true}]}}