{"id":11581,"date":"2022-03-30T15:50:14","date_gmt":"2022-03-30T19:50:14","guid":{"rendered":"https:\/\/paysagegourmand.quebec\/?post_type=product&#038;p=11581"},"modified":"2026-01-30T14:02:57","modified_gmt":"2026-01-30T18:02:57","slug":"japanese-barberry-sunsation-berberis-thunbergii","status":"publish","type":"product","link":"https:\/\/paysagegourmand.quebec\/en\/produit\/japanese-barberry-sunsation-berberis-thunbergii\/","title":{"rendered":"Japanese barberry &#8216;Sunsation&#8217; <br\/> Berberis thunbergii"},"content":{"rendered":"<p>Like any brightly colored Japanese barberry, the compact Japanese barberry \u2018Sunsation\u2019 (Berberis thunbergii) brightens up your flowerbeds in spring with its yellow foliage, and the reddish fruits end their course, visible on autumn leaves with orange and red hues. The reddish fruits are clearly visible. Although it is thorny, it can be admired from afar, because it requires no maintenance. Satisfied in partial shade, the Japanese barberry \u2018Sunsation\u2019 shines especially in the sun, in any type of soil and tolerates acidity and drought without being affected by pollution or salt.   <\/p>\n<p>The small edible fruits are above all festive on rice as white as snow, persistent until they are picked freeze-dried, softened by the cold. To complete the portrait in the kitchen, the leaves, with a sorrel taste, cast a burst of lemony color on a potato salad, on white pasta or in a mesclun. <\/p>\n<p>Caution: Like rhubarb, barberry leaves and fruit contain oxalic acid, avoid if you are prone to kidney stones.<\/p>\n<p>Self-pollinating.<\/p>\n<p>Remplace : grenade, citron et lime. Accords : divers hors\u2011d\u2019\u0153uvres, bouch\u00e9es et p\u00e2tisseries (s\u00e9ch\u00e9, concass\u00e9 puis saupoudr\u00e9), orge perl\u00e9 (fruits et feuilles), riz (fruits et feuilles) et houmous. <\/p>\n","protected":false},"excerpt":{"rendered":"<p>Like any brightly colored Japanese barberry, the compact Japanese barberry \u2018Sunsation\u2019 (Berberis thunbergii) brightens up your flowerbeds in spring with its yellow foliage, and the reddish fruits end their course, visible on autumn leaves with orange and red hues. The reddish fruits are clearly visible. Although it is thorny, it can be admired from afar, because it requires no maintenance. &#8230; <\/p>\n<div><a href=\"https:\/\/paysagegourmand.quebec\/en\/produit\/japanese-barberry-sunsation-berberis-thunbergii\/\" class=\"more-link\">Read More<\/a><\/div>\n","protected":false},"featured_media":8126,"template":"","meta":{"_acf_changed":false,"rs_blank_template":"","rs_page_bg_color":"","slide_template_v7":""},"product_brand":[],"product_cat":[732],"product_tag":[745,747,750,752,751,753],"class_list":{"0":"post-11581","1":"product","2":"type-product","3":"status-publish","4":"has-post-thumbnail","6":"product_cat-shrubs","7":"product_tag-attracts-birds","8":"product_tag-biological","9":"product_tag-hedge-and-privacy","10":"product_tag-particular-interest-in-autumn","11":"product_tag-particular-interest-in-spring","12":"product_tag-particular-interest-in-winter","13":"pa_attire-la-faune-birds","16":"first","17":"instock","18":"taxable","19":"shipping-taxable","20":"purchasable","21":"product-type-simple"},"acf":[],"_links":{"self":[{"href":"https:\/\/paysagegourmand.quebec\/en\/wp-json\/wp\/v2\/product\/11581","targetHints":{"allow":["GET"]}}],"collection":[{"href":"https:\/\/paysagegourmand.quebec\/en\/wp-json\/wp\/v2\/product"}],"about":[{"href":"https:\/\/paysagegourmand.quebec\/en\/wp-json\/wp\/v2\/types\/product"}],"wp:featuredmedia":[{"embeddable":true,"href":"https:\/\/paysagegourmand.quebec\/en\/wp-json\/wp\/v2\/media\/8126"}],"wp:attachment":[{"href":"https:\/\/paysagegourmand.quebec\/en\/wp-json\/wp\/v2\/media?parent=11581"}],"wp:term":[{"taxonomy":"product_brand","embeddable":true,"href":"https:\/\/paysagegourmand.quebec\/en\/wp-json\/wp\/v2\/product_brand?post=11581"},{"taxonomy":"product_cat","embeddable":true,"href":"https:\/\/paysagegourmand.quebec\/en\/wp-json\/wp\/v2\/product_cat?post=11581"},{"taxonomy":"product_tag","embeddable":true,"href":"https:\/\/paysagegourmand.quebec\/en\/wp-json\/wp\/v2\/product_tag?post=11581"}],"curies":[{"name":"wp","href":"https:\/\/api.w.org\/{rel}","templated":true}]}}